{"id":5288,"date":"2021-08-25T09:00:10","date_gmt":"2021-08-25T09:00:10","guid":{"rendered":"http:\/\/dummy.xtemos.com\/woodmart2\/?page_id=5288"},"modified":"2025-09-09T08:07:34","modified_gmt":"2025-09-09T08:07:34","slug":"contact-us","status":"publish","type":"page","link":"https:\/\/breinas.com\/lt\/contact-us\/","title":{"rendered":"Kontaktai"},"content":{"rendered":"<div data-elementor-type=\"wp-page\" data-elementor-id=\"5288\" class=\"elementor elementor-5288\" data-elementor-post-type=\"page\">\n\t\t\t\t<div class=\"elementor-element elementor-element-c4d0564 e-flex e-con-boxed e-con e-parent\" data-id=\"c4d0564\" data-element_type=\"container\" data-e-type=\"container\">\n\t\t\t\t\t<div class=\"e-con-inner\">\n\t\t<div class=\"elementor-element elementor-element-1bb81e0 e-con-full e-flex e-con e-child\" data-id=\"1bb81e0\" data-element_type=\"container\" data-e-type=\"container\">\n\t\t\t\t<div class=\"elementor-element elementor-element-cf5f562 title-after-img elementor-widget elementor-widget-heading\" data-id=\"cf5f562\" data-element_type=\"widget\" data-e-type=\"widget\" data-widget_type=\"heading.default\">\n\t\t\t\t<div class=\"elementor-widget-container\">\n\t\t\t\t\t<h2 class=\"elementor-heading-title elementor-size-default\">M\u016bs\u0173 komanda<\/h2>\t\t\t\t<\/div>\n\t\t\t\t<\/div>\n\t\t\t\t<div class=\"elementor-element elementor-element-272374e elementor-widget elementor-widget-image\" data-id=\"272374e\" data-element_type=\"widget\" data-e-type=\"widget\" data-widget_type=\"image.default\">\n\t\t\t\t<div class=\"elementor-widget-container\">\n\t\t\t\t\t\t\t\t\t\t\t\t\t\t\t<img decoding=\"async\" width=\"202\" height=\"9\" src=\"https:\/\/breinas.com\/wp-content\/uploads\/2024\/11\/Frame-6.svg\" class=\"attachment-full size-full wp-image-9761\" alt=\"\" \/>\t\t\t\t\t\t\t\t\t\t\t\t\t\t\t<\/div>\n\t\t\t\t<\/div>\n\t\t\t\t<\/div>\n\t\t\t\t\t<\/div>\n\t\t\t\t<\/div>\n\t\t<div class=\"elementor-element elementor-element-361b73b e-flex e-con-boxed e-con e-parent\" data-id=\"361b73b\" data-element_type=\"container\" data-e-type=\"container\">\n\t\t\t\t\t<div class=\"e-con-inner\">\n\t\t<div class=\"elementor-element elementor-element-f9d0392 e-con-full e-flex e-con e-child\" data-id=\"f9d0392\" data-element_type=\"container\" data-e-type=\"container\">\n\t\t\t\t<div class=\"elementor-element elementor-element-3b1f519 elementor-widget elementor-widget-image\" data-id=\"3b1f519\" data-element_type=\"widget\" data-e-type=\"widget\" data-widget_type=\"image.default\">\n\t\t\t\t<div class=\"elementor-widget-container\">\n\t\t\t\t\t\t\t\t\t\t\t\t\t\t\t<img fetchpriority=\"high\" decoding=\"async\" width=\"618\" height=\"760\" src=\"https:\/\/breinas.com\/wp-content\/uploads\/2024\/11\/Group-1000010482.png\" class=\"attachment-large size-large wp-image-9957\" alt=\"\" srcset=\"https:\/\/breinas.com\/wp-content\/uploads\/2024\/11\/Group-1000010482.png 618w, https:\/\/breinas.com\/wp-content\/uploads\/2024\/11\/Group-1000010482-244x300.png 244w\" sizes=\"(max-width: 618px) 100vw, 618px\" \/>\t\t\t\t\t\t\t\t\t\t\t\t\t\t\t<\/div>\n\t\t\t\t<\/div>\n\t\t\t\t<div class=\"elementor-element elementor-element-37a8da6 wd-width-100 elementor-widget elementor-widget-wd_title\" data-id=\"37a8da6\" data-element_type=\"widget\" data-e-type=\"widget\" data-widget_type=\"wd_title.default\">\n\t\t\t\t<div class=\"elementor-widget-container\">\n\t\t\t\t\t\t\t\t<link rel=\"stylesheet\" id=\"wd-section-title-css\" href=\"https:\/\/breinas.com\/wp-content\/themes\/woodmart\/css\/parts\/el-section-title.min.css?ver=7.5.1\" type=\"text\/css\" media=\"all\" \/> \t\t\t\t\t<div class=\"title-wrapper set-mb-s reset-last-child wd-title-color-default wd-title-style-default wd-title-size-default text-center\">\n\n\t\t\t\n\t\t\t<div class=\"liner-continer\">\n\t\t\t\t<h4 class=\"woodmart-title-container title wd-fontsize-l\">Emilija<\/h4> \n\t\t\t\t\t\t\t<\/div>\n\n\t\t\t\t\t\t\t<div class=\"title-after_title set-cont-mb-s reset-last-child wd-fontsize-xs\">\n\t\t\t\t\t<p>Direktor\u0117<\/p>\t\t\t\t<\/div>\n\t\t\t\t\t<\/div>\n\t\t\t\t\t\t<\/div>\n\t\t\t\t<\/div>\n\t\t\t\t<div class=\"elementor-element elementor-element-b0bcf0f elementor-widget elementor-widget-wd_list\" data-id=\"b0bcf0f\" data-element_type=\"widget\" data-e-type=\"widget\" data-widget_type=\"wd_list.default\">\n\t\t\t\t<div class=\"elementor-widget-container\">\n\t\t\t\t\t\t\t\t<link rel=\"stylesheet\" id=\"wd-list-css\" href=\"https:\/\/breinas.com\/wp-content\/themes\/woodmart\/css\/parts\/el-list.min.css?ver=7.5.1\" type=\"text\/css\" media=\"all\" \/> \t\t\t\t\t<ul class=\"wd-list color-scheme- wd-fontsize-m wd-list-type-icon wd-list-style-default wd-justify-center\">\n\t\t\t\t\t\t\t\t\t\t\t<li class=\"elementor-repeater-item-e8ca577\">\n\t\t\t\t\t\t\t\t\t\t\t<img decoding=\"async\"  src=\"https:\/\/breinas.com\/wp-content\/uploads\/2024\/11\/phone-1-1.svg\" title=\"phone (1) 1\" width=\"22\" height=\"22\">\t\t\t\t\t\n\t\t\t\t\t<span class=\"list-content\">\n\t\t\t\t\t\t(+370) 615 52333\t\t\t\t\t<\/span>\n\n\t\t\t\t\t\n\t\t\t\t\t\t<a  href=\"tel:(+370)%20615%2052333\" class=\"wd-fill\" aria-label=\"List item link\"><\/a>\n\t\t\t\t\t\t\t\t\t<\/li>\n\t\t\t\t\t\t\t\t\t\t\t<li class=\"elementor-repeater-item-d74a831\">\n\t\t\t\t\t\t\t\t\t\t\t<img loading=\"lazy\" decoding=\"async\"  src=\"https:\/\/breinas.com\/wp-content\/uploads\/2024\/11\/015-Email.svg\" title=\"015&#8212;Email\" width=\"22\" height=\"22\">\t\t\t\t\t\n\t\t\t\t\t<span class=\"list-content\">\n\t\t\t\t\t\temilija@breinas.com\t\t\t\t\t<\/span>\n\n\t\t\t\t\t\n\t\t\t\t\t\t<a  href=\"mailto:emilija@breinas.com\" class=\"wd-fill\" aria-label=\"List item link\"><\/a>\n\t\t\t\t\t\t\t\t\t<\/li>\n\t\t\t\t\t<\/ul>\n\n\t\t\t\t\t\t<\/div>\n\t\t\t\t<\/div>\n\t\t\t\t<\/div>\n\t\t<div class=\"elementor-element elementor-element-d6b2a7e e-con-full e-flex e-con e-child\" data-id=\"d6b2a7e\" data-element_type=\"container\" data-e-type=\"container\">\n\t\t\t\t<div class=\"elementor-element elementor-element-c9b56f9 elementor-widget elementor-widget-image\" data-id=\"c9b56f9\" data-element_type=\"widget\" data-e-type=\"widget\" data-widget_type=\"image.default\">\n\t\t\t\t<div class=\"elementor-widget-container\">\n\t\t\t\t\t\t\t\t\t\t\t\t\t\t\t<img loading=\"lazy\" decoding=\"async\" width=\"618\" height=\"760\" src=\"https:\/\/breinas.com\/wp-content\/uploads\/2025\/02\/RASA3.png\" class=\"attachment-large size-large wp-image-10174\" alt=\"\" srcset=\"https:\/\/breinas.com\/wp-content\/uploads\/2025\/02\/RASA3.png 618w, https:\/\/breinas.com\/wp-content\/uploads\/2025\/02\/RASA3-244x300.png 244w, https:\/\/breinas.com\/wp-content\/uploads\/2025\/02\/RASA3-10x12.png 10w\" sizes=\"(max-width: 618px) 100vw, 618px\" \/>\t\t\t\t\t\t\t\t\t\t\t\t\t\t\t<\/div>\n\t\t\t\t<\/div>\n\t\t\t\t<div class=\"elementor-element elementor-element-e15b93f wd-width-100 elementor-widget elementor-widget-wd_title\" data-id=\"e15b93f\" data-element_type=\"widget\" data-e-type=\"widget\" data-widget_type=\"wd_title.default\">\n\t\t\t\t<div class=\"elementor-widget-container\">\n\t\t\t\t\t\t\t<div class=\"title-wrapper set-mb-s reset-last-child wd-title-color-default wd-title-style-default wd-title-size-default text-center\">\n\n\t\t\t\n\t\t\t<div class=\"liner-continer\">\n\t\t\t\t<h4 class=\"woodmart-title-container title wd-fontsize-l\">Rasa<\/h4> \n\t\t\t\t\t\t\t<\/div>\n\n\t\t\t\t\t\t\t<div class=\"title-after_title set-cont-mb-s reset-last-child wd-fontsize-xs\">\n\t\t\t\t\t<p>U\u017esakym\u0173 koordinator\u0117<\/p>\t\t\t\t<\/div>\n\t\t\t\t\t<\/div>\n\t\t\t\t\t\t<\/div>\n\t\t\t\t<\/div>\n\t\t\t\t<div class=\"elementor-element elementor-element-c53c1ed elementor-widget elementor-widget-wd_list\" data-id=\"c53c1ed\" data-element_type=\"widget\" data-e-type=\"widget\" data-widget_type=\"wd_list.default\">\n\t\t\t\t<div class=\"elementor-widget-container\">\n\t\t\t\t\t\t\t<ul class=\"wd-list color-scheme- wd-fontsize-m wd-list-type-icon wd-list-style-default wd-justify-center\">\n\t\t\t\t\t\t\t\t\t\t\t<li class=\"elementor-repeater-item-e8ca577\">\n\t\t\t\t\t\t\t\t\t\t\t<img decoding=\"async\"  src=\"https:\/\/breinas.com\/wp-content\/uploads\/2024\/11\/phone-1-1.svg\" title=\"phone (1) 1\" width=\"22\" height=\"22\">\t\t\t\t\t\n\t\t\t\t\t<span class=\"list-content\">\n\t\t\t\t\t\t(+370) 615 48333\t\t\t\t\t<\/span>\n\n\t\t\t\t\t\n\t\t\t\t\t\t<a  href=\"tel:(+370)%20615%2052333\" class=\"wd-fill\" aria-label=\"List item link\"><\/a>\n\t\t\t\t\t\t\t\t\t<\/li>\n\t\t\t\t\t\t\t\t\t\t\t<li class=\"elementor-repeater-item-d74a831\">\n\t\t\t\t\t\t\t\t\t\t\t<img loading=\"lazy\" decoding=\"async\"  src=\"https:\/\/breinas.com\/wp-content\/uploads\/2024\/11\/015-Email.svg\" title=\"015&#8212;Email\" width=\"22\" height=\"22\">\t\t\t\t\t\n\t\t\t\t\t<span class=\"list-content\">\n\t\t\t\t\t\torders@breinas.com\t\t\t\t\t<\/span>\n\n\t\t\t\t\t\n\t\t\t\t\t\t<a  href=\"mailto:orders@breinas.com\" class=\"wd-fill\" aria-label=\"List item link\"><\/a>\n\t\t\t\t\t\t\t\t\t<\/li>\n\t\t\t\t\t<\/ul>\n\n\t\t\t\t\t\t<\/div>\n\t\t\t\t<\/div>\n\t\t\t\t<\/div>\n\t\t<div class=\"elementor-element elementor-element-17fec21 e-con-full e-flex e-con e-child\" data-id=\"17fec21\" data-element_type=\"container\" data-e-type=\"container\">\n\t\t\t\t<div class=\"elementor-element elementor-element-6569226 elementor-widget elementor-widget-image\" data-id=\"6569226\" data-element_type=\"widget\" data-e-type=\"widget\" data-widget_type=\"image.default\">\n\t\t\t\t<div class=\"elementor-widget-container\">\n\t\t\t\t\t\t\t\t\t\t\t\t\t\t\t<img loading=\"lazy\" decoding=\"async\" width=\"618\" height=\"760\" src=\"https:\/\/breinas.com\/wp-content\/uploads\/2025\/02\/Monika2.png\" class=\"attachment-large size-large wp-image-10186\" alt=\"\" srcset=\"https:\/\/breinas.com\/wp-content\/uploads\/2025\/02\/Monika2.png 618w, https:\/\/breinas.com\/wp-content\/uploads\/2025\/02\/Monika2-244x300.png 244w, https:\/\/breinas.com\/wp-content\/uploads\/2025\/02\/Monika2-10x12.png 10w\" sizes=\"(max-width: 618px) 100vw, 618px\" \/>\t\t\t\t\t\t\t\t\t\t\t\t\t\t\t<\/div>\n\t\t\t\t<\/div>\n\t\t\t\t<div class=\"elementor-element elementor-element-d3426f4 wd-width-100 elementor-widget elementor-widget-wd_title\" data-id=\"d3426f4\" data-element_type=\"widget\" data-e-type=\"widget\" data-widget_type=\"wd_title.default\">\n\t\t\t\t<div class=\"elementor-widget-container\">\n\t\t\t\t\t\t\t<div class=\"title-wrapper set-mb-s reset-last-child wd-title-color-default wd-title-style-default wd-title-size-default text-center\">\n\n\t\t\t\n\t\t\t<div class=\"liner-continer\">\n\t\t\t\t<h4 class=\"woodmart-title-container title wd-fontsize-l\">Monika<\/h4> \n\t\t\t\t\t\t\t<\/div>\n\n\t\t\t\t\t\t\t<div class=\"title-after_title set-cont-mb-s reset-last-child wd-fontsize-xs\">\n\t\t\t\t\t<p>Marketingo vadybinink\u0117<\/p>\t\t\t\t<\/div>\n\t\t\t\t\t<\/div>\n\t\t\t\t\t\t<\/div>\n\t\t\t\t<\/div>\n\t\t\t\t<div class=\"elementor-element elementor-element-df5372d elementor-widget elementor-widget-wd_list\" data-id=\"df5372d\" data-element_type=\"widget\" data-e-type=\"widget\" data-widget_type=\"wd_list.default\">\n\t\t\t\t<div class=\"elementor-widget-container\">\n\t\t\t\t\t\t\t<ul class=\"wd-list color-scheme- wd-fontsize-m wd-list-type-icon wd-list-style-default wd-justify-center\">\n\t\t\t\t\t\t\t\t\t\t\t<li class=\"elementor-repeater-item-e8ca577\">\n\t\t\t\t\t\t\t\t\t\t\t<img decoding=\"async\"  src=\"https:\/\/breinas.com\/wp-content\/uploads\/2024\/11\/phone-1-1.svg\" title=\"phone (1) 1\" width=\"22\" height=\"22\">\t\t\t\t\t\n\t\t\t\t\t<span class=\"list-content\">\n\t\t\t\t\t\t(+370) 651 11884\t\t\t\t\t<\/span>\n\n\t\t\t\t\t\n\t\t\t\t\t\t<a  href=\"tel:(+370)%20651%2011884\" class=\"wd-fill\" aria-label=\"List item link\"><\/a>\n\t\t\t\t\t\t\t\t\t<\/li>\n\t\t\t\t\t\t\t\t\t\t\t<li class=\"elementor-repeater-item-d74a831\">\n\t\t\t\t\t\t\t\t\t\t\t<img loading=\"lazy\" decoding=\"async\"  src=\"https:\/\/breinas.com\/wp-content\/uploads\/2024\/11\/015-Email.svg\" title=\"015&#8212;Email\" width=\"22\" height=\"22\">\t\t\t\t\t\n\t\t\t\t\t<span class=\"list-content\">\n\t\t\t\t\t\tmonika@breinas.com\t\t\t\t\t<\/span>\n\n\t\t\t\t\t\n\t\t\t\t\t\t<a  href=\"mailto:monika@breinas.com\" class=\"wd-fill\" aria-label=\"List item link\"><\/a>\n\t\t\t\t\t\t\t\t\t<\/li>\n\t\t\t\t\t<\/ul>\n\n\t\t\t\t\t\t<\/div>\n\t\t\t\t<\/div>\n\t\t\t\t<\/div>\n\t\t\t\t\t<\/div>\n\t\t\t\t<\/div>\n\t\t<div class=\"elementor-element elementor-element-5b2a80b2 wd-section-stretch e-flex e-con-boxed e-con e-parent\" data-id=\"5b2a80b2\" data-element_type=\"container\" data-e-type=\"container\" data-settings=\"{&quot;background_background&quot;:&quot;classic&quot;}\">\n\t\t\t\t\t<div class=\"e-con-inner\">\n\t\t<div class=\"elementor-element elementor-element-1c700e06 e-con-full e-flex e-con e-child\" data-id=\"1c700e06\" data-element_type=\"container\" data-e-type=\"container\">\n\t\t\t\t<div class=\"elementor-element elementor-element-3485a217 wd-width-100 elementor-widget elementor-widget-wd_title\" data-id=\"3485a217\" data-element_type=\"widget\" data-e-type=\"widget\" data-widget_type=\"wd_title.default\">\n\t\t\t\t<div class=\"elementor-widget-container\">\n\t\t\t\t\t\t\t<div class=\"title-wrapper set-mb-s reset-last-child wd-title-color-default wd-title-style-default wd-title-size-default text-left\">\n\n\t\t\t\n\t\t\t<div class=\"liner-continer\">\n\t\t\t\t<h4 class=\"woodmart-title-container title wd-fontsize-l\">Kontaktin\u0117 informacija<\/h4> \n\t\t\t\t\t\t\t<\/div>\n\n\t\t\t\t\t<\/div>\n\t\t\t\t\t\t<\/div>\n\t\t\t\t<\/div>\n\t\t\t\t<div class=\"elementor-element elementor-element-66a9f6d5 elementor-widget elementor-widget-wd_text_block\" data-id=\"66a9f6d5\" data-element_type=\"widget\" data-e-type=\"widget\" data-widget_type=\"wd_text_block.default\">\n\t\t\t\t<div class=\"elementor-widget-container\">\n\t\t\t\t\t\t\t\t<link rel=\"stylesheet\" id=\"wd-text-block-css\" href=\"https:\/\/breinas.com\/wp-content\/themes\/woodmart\/css\/parts\/el-text-block.min.css?ver=7.5.1\" type=\"text\/css\" media=\"all\" \/> \t\t\t\t\t<div class=\"wd-text-block reset-last-child text-left\">\n\t\t\t\n\t\t\t<p>Jei turite klausim\u0173 apie m\u016bs\u0173 produktus, paslaugas ar priva\u010di\u0173 preki\u0173 \u017eenkl\u0173 sprendimus, susisiekite su mumis. Esame pasiruo\u0161\u0119 pad\u0117ti spr\u0119sti j\u016bs\u0173 verslo poreikius.<\/p>\n\t\t\t\t\t<\/div>\n\t\t\t\t\t\t<\/div>\n\t\t\t\t<\/div>\n\t\t\t\t<div class=\"elementor-element elementor-element-73c09b27 elementor-widget elementor-widget-wd_infobox\" data-id=\"73c09b27\" data-element_type=\"widget\" data-e-type=\"widget\" data-widget_type=\"wd_infobox.default\">\n\t\t\t\t<div class=\"elementor-widget-container\">\n\t\t\t\t\t\t\t\t<link rel=\"stylesheet\" id=\"wd-info-box-css\" href=\"https:\/\/breinas.com\/wp-content\/themes\/woodmart\/css\/parts\/el-info-box.min.css?ver=7.5.1\" type=\"text\/css\" media=\"all\" \/> \t\t\t\t\t<div class=\"info-box-wrapper\">\n\t\t\t<div class=\"wd-info-box text-left box-icon-align-left box-style-base color-scheme- wd-items-middle\">\n\t\t\t\t\t\t\t\t\t<div class=\"box-icon-wrapper  box-with-icon box-icon-simple\">\n\t\t\t\t\t\t<div class=\"info-box-icon\">\n\t\t\t\t\t\t\t\t\t\t\t\t\t\t\t<div class=\"info-svg-wrapper\" style=\"width:66px; height:61px;\"><img loading=\"lazy\" decoding=\"async\"  src=\"https:\/\/breinas.com\/wp-content\/uploads\/2024\/11\/Group.svg\" title=\"Group\" width=\"66\" height=\"61\"><\/div>\t\t\t\t\t\t\t\t\t\t\t\t\t<\/div>\n\t\t\t\t\t<\/div>\n\t\t\t\t\n\t\t\t\t<div class=\"info-box-content\">\n\t\t\t\t\t\n\t\t\t\t\t\t\t\t\t\t\t<h4\t\t\t\t\t\tclass=\"info-box-title title box-title-style-default wd-fontsize-m\" data-elementor-setting-key=\"title\">\n\t\t\t\t\t\t\t\tPagrindinis biuras\t\t\t\t\t\t<\/h4>\n\t\t\t\t\t\n\t\t\t\t\t<div class=\"info-box-inner set-cont-mb-s reset-last-child\"data-elementor-setting-key=\"content\"><p>Raudondvario pl. 147-15, Kaunas, Lietuva, LT-47192<\/p>\n<\/div>\n\n\t\t\t\t\t\t\t\t\t<\/div>\n\n\t\t\t\t\t\t\t<\/div>\n\t\t<\/div>\n\t\t\t\t\t\t<\/div>\n\t\t\t\t<\/div>\n\t\t\t\t<div class=\"elementor-element elementor-element-880afc1 elementor-widget elementor-widget-wd_infobox\" data-id=\"880afc1\" data-element_type=\"widget\" data-e-type=\"widget\" data-widget_type=\"wd_infobox.default\">\n\t\t\t\t<div class=\"elementor-widget-container\">\n\t\t\t\t\t\t\t<div class=\"info-box-wrapper\">\n\t\t\t<div class=\"wd-info-box text-left box-icon-align-left box-style-base color-scheme- wd-items-middle\">\n\t\t\t\t\t\t\t\t\t<div class=\"box-icon-wrapper  box-with-icon box-icon-simple\">\n\t\t\t\t\t\t<div class=\"info-box-icon\">\n\t\t\t\t\t\t\t\t\t\t\t\t\t\t\t<div class=\"info-svg-wrapper\" style=\"width:66px; height:61px;\"><img loading=\"lazy\" decoding=\"async\"  src=\"https:\/\/breinas.com\/wp-content\/uploads\/2024\/11\/Group.svg\" title=\"Group\" width=\"66\" height=\"61\"><\/div>\t\t\t\t\t\t\t\t\t\t\t\t\t<\/div>\n\t\t\t\t\t<\/div>\n\t\t\t\t\n\t\t\t\t<div class=\"info-box-content\">\n\t\t\t\t\t\n\t\t\t\t\t\t\t\t\t\t\t<h4\t\t\t\t\t\tclass=\"info-box-title title box-title-style-default wd-fontsize-m\" data-elementor-setting-key=\"title\">\n\t\t\t\t\t\t\t\tRegistracijos adresas\t\t\t\t\t\t<\/h4>\n\t\t\t\t\t\n\t\t\t\t\t<div class=\"info-box-inner set-cont-mb-s reset-last-child\"data-elementor-setting-key=\"content\"><p>Lokau\u0161os st. 6A, Krekenava, Lithuania, LT- 38307<\/p>\n<\/div>\n\n\t\t\t\t\t\t\t\t\t<\/div>\n\n\t\t\t\t\t\t\t<\/div>\n\t\t<\/div>\n\t\t\t\t\t\t<\/div>\n\t\t\t\t<\/div>\n\t\t\t\t<div class=\"elementor-element elementor-element-5eeb41ba elementor-widget elementor-widget-wd_infobox\" data-id=\"5eeb41ba\" data-element_type=\"widget\" data-e-type=\"widget\" data-widget_type=\"wd_infobox.default\">\n\t\t\t\t<div class=\"elementor-widget-container\">\n\t\t\t\t\t\t\t<div class=\"info-box-wrapper\">\n\t\t\t<div class=\"wd-info-box text-left box-icon-align-left box-style-base color-scheme- wd-items-middle\">\n\t\t\t\t\t\t\t\t\t<div class=\"box-icon-wrapper  box-with-icon box-icon-simple\">\n\t\t\t\t\t\t<div class=\"info-box-icon\">\n\t\t\t\t\t\t\t\t\t\t\t\t\t\t\t<div class=\"info-svg-wrapper\" style=\"width:66px; height:61px;\"><img loading=\"lazy\" decoding=\"async\"  src=\"https:\/\/breinas.com\/wp-content\/uploads\/2024\/11\/phone-1-1.svg\" title=\"phone (1) 1\" width=\"66\" height=\"61\"><\/div>\t\t\t\t\t\t\t\t\t\t\t\t\t<\/div>\n\t\t\t\t\t<\/div>\n\t\t\t\t\n\t\t\t\t<div class=\"info-box-content\">\n\t\t\t\t\t\n\t\t\t\t\t\t\t\t\t\t\t<h4\t\t\t\t\t\tclass=\"info-box-title title box-title-style-default wd-fontsize-m\" data-elementor-setting-key=\"title\">\n\t\t\t\t\t\t\t\tTelefono numeris\t\t\t\t\t\t<\/h4>\n\t\t\t\t\t\n\t\t\t\t\t<div class=\"info-box-inner set-cont-mb-s reset-last-child\"data-elementor-setting-key=\"content\"><p>(+370) 615 52333<\/p>\n<\/div>\n\n\t\t\t\t\t\t\t\t\t<\/div>\n\n\t\t\t\t\t\t\t<\/div>\n\t\t<\/div>\n\t\t\t\t\t\t<\/div>\n\t\t\t\t<\/div>\n\t\t\t\t<div class=\"elementor-element elementor-element-9f6085e elementor-widget elementor-widget-wd_infobox\" data-id=\"9f6085e\" data-element_type=\"widget\" data-e-type=\"widget\" data-widget_type=\"wd_infobox.default\">\n\t\t\t\t<div class=\"elementor-widget-container\">\n\t\t\t\t\t\t\t<div class=\"info-box-wrapper\">\n\t\t\t<div class=\"wd-info-box text-left box-icon-align-left box-style-base color-scheme- wd-items-middle\">\n\t\t\t\t\t\t\t\t\t<div class=\"box-icon-wrapper  box-with-icon box-icon-simple\">\n\t\t\t\t\t\t<div class=\"info-box-icon\">\n\t\t\t\t\t\t\t\t\t\t\t\t\t\t\t<div class=\"info-svg-wrapper\" style=\"width:66px; height:61px;\"><img loading=\"lazy\" decoding=\"async\"  src=\"https:\/\/breinas.com\/wp-content\/uploads\/2024\/11\/015-Email.svg\" title=\"015&#8212;Email\" width=\"66\" height=\"61\"><\/div>\t\t\t\t\t\t\t\t\t\t\t\t\t<\/div>\n\t\t\t\t\t<\/div>\n\t\t\t\t\n\t\t\t\t<div class=\"info-box-content\">\n\t\t\t\t\t\n\t\t\t\t\t\t\t\t\t\t\t<h4\t\t\t\t\t\tclass=\"info-box-title title box-title-style-default wd-fontsize-m\" data-elementor-setting-key=\"title\">\n\t\t\t\t\t\t\t\tEl. pa\u0161to adresas\t\t\t\t\t\t<\/h4>\n\t\t\t\t\t\n\t\t\t\t\t<div class=\"info-box-inner set-cont-mb-s reset-last-child\"data-elementor-setting-key=\"content\"><p>sales@breinas.com<\/p>\n<\/div>\n\n\t\t\t\t\t\t\t\t\t<\/div>\n\n\t\t\t\t\t\t\t<\/div>\n\t\t<\/div>\n\t\t\t\t\t\t<\/div>\n\t\t\t\t<\/div>\n\t\t\t\t<\/div>\n\t\t<div class=\"elementor-element elementor-element-7ca2eb81 e-con-full e-flex e-con e-child\" data-id=\"7ca2eb81\" data-element_type=\"container\" data-e-type=\"container\" data-settings=\"{&quot;background_background&quot;:&quot;classic&quot;}\">\n\t\t\t\t<div class=\"elementor-element elementor-element-15c56631 title-after-img elementor-widget elementor-widget-heading\" data-id=\"15c56631\" data-element_type=\"widget\" data-e-type=\"widget\" data-widget_type=\"heading.default\">\n\t\t\t\t<div class=\"elementor-widget-container\">\n\t\t\t\t\t<h2 class=\"elementor-heading-title elementor-size-default\">Susisiekite su mumis<\/h2>\t\t\t\t<\/div>\n\t\t\t\t<\/div>\n\t\t\t\t<div class=\"elementor-element elementor-element-794d3f0 elementor-widget elementor-widget-image\" data-id=\"794d3f0\" data-element_type=\"widget\" data-e-type=\"widget\" data-widget_type=\"image.default\">\n\t\t\t\t<div class=\"elementor-widget-container\">\n\t\t\t\t\t\t\t\t\t\t\t\t\t\t\t<img loading=\"lazy\" decoding=\"async\" width=\"183\" height=\"9\" src=\"https:\/\/breinas.com\/wp-content\/uploads\/2024\/11\/Frame-6-1.svg\" class=\"attachment-full size-full wp-image-9788\" alt=\"\" \/>\t\t\t\t\t\t\t\t\t\t\t\t\t\t\t<\/div>\n\t\t\t\t<\/div>\n\t\t\t\t<div class=\"elementor-element elementor-element-3c21c3a2 elementor-widget elementor-widget-wd_text_block\" data-id=\"3c21c3a2\" data-element_type=\"widget\" data-e-type=\"widget\" data-widget_type=\"wd_text_block.default\">\n\t\t\t\t<div class=\"elementor-widget-container\">\n\t\t\t\t\t\t\t<div class=\"wd-text-block reset-last-child text-left\">\n\t\t\t\n\t\t\t\n<div class=\"wpcf7 no-js\" id=\"wpcf7-f1938-o1\" lang=\"en-US\" dir=\"ltr\" data-wpcf7-id=\"1938\">\n<div class=\"screen-reader-response\"><p role=\"status\" aria-live=\"polite\" aria-atomic=\"true\"><\/p> <ul><\/ul><\/div>\n<form action=\"\/lt\/wp-json\/wp\/v2\/pages\/5288#wpcf7-f1938-o1\" method=\"post\" class=\"wpcf7-form init\" aria-label=\"Contact form\" novalidate=\"novalidate\" data-status=\"init\" data-trp-original-action=\"\/lt\/wp-json\/wp\/v2\/pages\/5288#wpcf7-f1938-o1\">\n<fieldset class=\"hidden-fields-container\"><input type=\"hidden\" name=\"_wpcf7\" value=\"1938\" \/><input type=\"hidden\" name=\"_wpcf7_version\" value=\"6.1.5\" \/><input type=\"hidden\" name=\"_wpcf7_locale\" value=\"en_US\" \/><input type=\"hidden\" name=\"_wpcf7_unit_tag\" value=\"wpcf7-f1938-o1\" \/><input type=\"hidden\" name=\"_wpcf7_container_post\" value=\"0\" \/><input type=\"hidden\" name=\"_wpcf7_posted_data_hash\" value=\"\" \/>\n<\/fieldset>\n<p><span class=\"wpcf7-form-control-wrap\" data-name=\"your-name\"><input size=\"40\" maxlength=\"400\" class=\"wpcf7-form-control wpcf7-text wpcf7-validates-as-required\" aria-required=\"true\" aria-invalid=\"false\" placeholder=\"Vardas Pavard\u0117\" value=\"\" type=\"text\" name=\"your-name\" \/><\/span>\n<\/p>\n<p><span class=\"wpcf7-form-control-wrap\" data-name=\"your-email\"><input size=\"40\" maxlength=\"400\" class=\"wpcf7-form-control wpcf7-email wpcf7-validates-as-required wpcf7-text wpcf7-validates-as-email\" aria-required=\"true\" aria-invalid=\"false\" placeholder=\"El. pa\u0161to adresas\" value=\"\" type=\"email\" name=\"your-email\" \/><\/span>\n<\/p>\n<p><span class=\"wpcf7-form-control-wrap\" data-name=\"tel-765\"><input size=\"40\" maxlength=\"400\" class=\"wpcf7-form-control wpcf7-tel wpcf7-validates-as-required wpcf7-text wpcf7-validates-as-tel\" aria-required=\"true\" aria-invalid=\"false\" placeholder=\"Telefono numeris\" value=\"\" type=\"tel\" name=\"tel-765\" \/><\/span>\n<\/p>\n<p><span class=\"wpcf7-form-control-wrap\" data-name=\"your-message\"><textarea cols=\"40\" rows=\"10\" maxlength=\"2000\" class=\"wpcf7-form-control wpcf7-textarea\" aria-invalid=\"false\" placeholder=\"Prane\u0161imas\" name=\"your-message\"><\/textarea><\/span>\n<\/p>\n<p><input class=\"wpcf7-form-control wpcf7-submit has-spinner btn-ff7sub\" type=\"submit\" value=\"Si\u0173sti \u017einut\u0119\" \/>\n<\/p><div class=\"wpcf7-response-output\" aria-hidden=\"true\"><\/div>\n<input type=\"hidden\" name=\"trp-form-language\" value=\"lt\"\/><\/form>\n<\/div>\n\n\t\t\t\t\t<\/div>\n\t\t\t\t\t\t<\/div>\n\t\t\t\t<\/div>\n\t\t\t\t<\/div>\n\t\t\t\t\t<\/div>\n\t\t\t\t<\/div>\n\t\t<div class=\"elementor-element elementor-element-cb9327e wd-section-stretch-content e-flex e-con-boxed e-con e-parent\" data-id=\"cb9327e\" data-element_type=\"container\" data-e-type=\"container\">\n\t\t\t\t\t<div class=\"e-con-inner\">\n\t\t\t\t<div class=\"elementor-element elementor-element-119a7c1 elementor-widget elementor-widget-wd_text_block\" data-id=\"119a7c1\" data-element_type=\"widget\" data-e-type=\"widget\" data-widget_type=\"wd_text_block.default\">\n\t\t\t\t<div class=\"elementor-widget-container\">\n\t\t\t\t\t\t\t<div class=\"wd-text-block reset-last-child text-left\">\n\t\t\t\n\t\t\t<div style=\"max-width: 100%; overflow: hidden; color: red; width: 100%; height: 600px;\">\n<div id=\"my-map-canvas\" style=\"height: 100%; width: 100%; max-width: 100%;\"><iframe style=\"height: 100%; width: 100%; border: 0;\" src=\"https:\/\/www.google.com\/maps\/embed\/v1\/place?q=Raudondvario+road+147-15,+Kaunas,+Lithuania&amp;key=AIzaSyBFw0Qbyq9zTFTd-tUY6dZWTgaQzuU17R8\" frameborder=\"0\"><\/iframe><\/div>\n\n\t\t\t\t\t<\/div>\n\t\t\t\t\t\t<\/div>\n\t\t\t\t<\/div>\n\t\t\t\t\t<\/div>\n\t\t\t\t<\/div>\n\t\t\t\t<\/div>","protected":false},"excerpt":{"rendered":"<p>Our Team Emilija CEO (+370) 615 52333 emilija@breinas.com Rasa Orders Coordinator (+370) 615 48333 orders@breinas.com Monika Marketing Manager (+370) 651<\/p>","protected":false},"author":1,"featured_media":0,"parent":0,"menu_order":0,"comment_status":"closed","ping_status":"closed","template":"","meta":{"_acf_changed":false,"inline_featured_image":false,"footnotes":""},"class_list":["post-5288","page","type-page","status-publish","hentry"],"acf":[],"_links":{"self":[{"href":"https:\/\/breinas.com\/lt\/wp-json\/wp\/v2\/pages\/5288","targetHints":{"allow":["GET"]}}],"collection":[{"href":"https:\/\/breinas.com\/lt\/wp-json\/wp\/v2\/pages"}],"about":[{"href":"https:\/\/breinas.com\/lt\/wp-json\/wp\/v2\/types\/page"}],"author":[{"embeddable":true,"href":"https:\/\/breinas.com\/lt\/wp-json\/wp\/v2\/users\/1"}],"replies":[{"embeddable":true,"href":"https:\/\/breinas.com\/lt\/wp-json\/wp\/v2\/comments?post=5288"}],"version-history":[{"count":42,"href":"https:\/\/breinas.com\/lt\/wp-json\/wp\/v2\/pages\/5288\/revisions"}],"predecessor-version":[{"id":10225,"href":"https:\/\/breinas.com\/lt\/wp-json\/wp\/v2\/pages\/5288\/revisions\/10225"}],"wp:attachment":[{"href":"https:\/\/breinas.com\/lt\/wp-json\/wp\/v2\/media?parent=5288"}],"curies":[{"name":"wp","href":"https:\/\/api.w.org\/{rel}","templated":true}]}}