{"id":10264,"date":"2026-03-02T10:13:06","date_gmt":"2026-03-02T10:13:06","guid":{"rendered":"https:\/\/breinas.com\/?page_id=10264"},"modified":"2026-03-02T10:13:14","modified_gmt":"2026-03-02T10:13:14","slug":"nedalyvausiu","status":"publish","type":"page","link":"https:\/\/breinas.com\/lt\/nedalyvausiu\/","title":{"rendered":"Dalyvauti negal\u0117siu"},"content":{"rendered":"<p>A\u010di\u016b u\u017e j\u016bs\u0173 atsakym\u0105.<\/p>\n\n\n\n<p>Gaila, kad \u0161\u012f kart\u0105 planai pasikeit\u0117. <\/p>\n\n\n\n<p>D\u0117kojame u\u017e j\u016bs\u0173 laik\u0105.<\/p>\n\n\n\n<p><\/p>","protected":false},"excerpt":{"rendered":"<p>A\u010di\u016b u\u017e j\u016bs\u0173 atsakym\u0105. Gaila, kad \u0161\u012f kart\u0105 planai pasikeit\u0117. D\u0117kojame u\u017e j\u016bs\u0173 laik\u0105.<\/p>","protected":false},"author":2,"featured_media":0,"parent":0,"menu_order":0,"comment_status":"closed","ping_status":"closed","template":"","meta":{"_acf_changed":false,"inline_featured_image":false,"footnotes":""},"class_list":["post-10264","page","type-page","status-publish","hentry"],"acf":[],"_links":{"self":[{"href":"https:\/\/breinas.com\/lt\/wp-json\/wp\/v2\/pages\/10264","targetHints":{"allow":["GET"]}}],"collection":[{"href":"https:\/\/breinas.com\/lt\/wp-json\/wp\/v2\/pages"}],"about":[{"href":"https:\/\/breinas.com\/lt\/wp-json\/wp\/v2\/types\/page"}],"author":[{"embeddable":true,"href":"https:\/\/breinas.com\/lt\/wp-json\/wp\/v2\/users\/2"}],"replies":[{"embeddable":true,"href":"https:\/\/breinas.com\/lt\/wp-json\/wp\/v2\/comments?post=10264"}],"version-history":[{"count":1,"href":"https:\/\/breinas.com\/lt\/wp-json\/wp\/v2\/pages\/10264\/revisions"}],"predecessor-version":[{"id":10265,"href":"https:\/\/breinas.com\/lt\/wp-json\/wp\/v2\/pages\/10264\/revisions\/10265"}],"wp:attachment":[{"href":"https:\/\/breinas.com\/lt\/wp-json\/wp\/v2\/media?parent=10264"}],"curies":[{"name":"wp","href":"https:\/\/api.w.org\/{rel}","templated":true}]}}