{"id":10239,"date":"2026-01-28T09:49:29","date_gmt":"2026-01-28T09:49:29","guid":{"rendered":"https:\/\/breinas.com\/?page_id=10239"},"modified":"2026-03-04T07:54:15","modified_gmt":"2026-03-04T07:54:15","slug":"konferencija2026","status":"publish","type":"page","link":"https:\/\/breinas.com\/lt\/konferencija2026\/","title":{"rendered":"Registracija \u012f konferencij\u0105"},"content":{"rendered":"<p>Apgailestaujame, ta\u010diau registracija \u012f konferencij\u0105 jau u\u017edaryta.<\/p>","protected":false},"excerpt":{"rendered":"<p>Apgailestaujame, ta\u010diau registracija \u012f konferencij\u0105 jau u\u017edaryta.<\/p>","protected":false},"author":2,"featured_media":0,"parent":0,"menu_order":0,"comment_status":"closed","ping_status":"closed","template":"","meta":{"_acf_changed":false,"inline_featured_image":false,"footnotes":""},"class_list":["post-10239","page","type-page","status-publish","hentry"],"acf":[],"_links":{"self":[{"href":"https:\/\/breinas.com\/lt\/wp-json\/wp\/v2\/pages\/10239","targetHints":{"allow":["GET"]}}],"collection":[{"href":"https:\/\/breinas.com\/lt\/wp-json\/wp\/v2\/pages"}],"about":[{"href":"https:\/\/breinas.com\/lt\/wp-json\/wp\/v2\/types\/page"}],"author":[{"embeddable":true,"href":"https:\/\/breinas.com\/lt\/wp-json\/wp\/v2\/users\/2"}],"replies":[{"embeddable":true,"href":"https:\/\/breinas.com\/lt\/wp-json\/wp\/v2\/comments?post=10239"}],"version-history":[{"count":3,"href":"https:\/\/breinas.com\/lt\/wp-json\/wp\/v2\/pages\/10239\/revisions"}],"predecessor-version":[{"id":10267,"href":"https:\/\/breinas.com\/lt\/wp-json\/wp\/v2\/pages\/10239\/revisions\/10267"}],"wp:attachment":[{"href":"https:\/\/breinas.com\/lt\/wp-json\/wp\/v2\/media?parent=10239"}],"curies":[{"name":"wp","href":"https:\/\/api.w.org\/{rel}","templated":true}]}}